{"id":919,"date":"2025-12-06T09:59:07","date_gmt":"2025-12-06T12:59:07","guid":{"rendered":"https:\/\/yampi.com.ar\/santotomerichieri\/producto\/producto\/"},"modified":"2026-03-04T13:51:58","modified_gmt":"2026-03-04T16:51:58","slug":"caja-de-escoces-blanco","status":"publish","type":"product","link":"https:\/\/yampi.com.ar\/santotomerichieri\/producto\/caja-de-escoces-blanco\/","title":{"rendered":"Caja de escoc\u00e9s Blanco"},"content":{"rendered":"<p>Bomb\u00f3n escoc\u00e9s de helado de chocolate, dulce de leche, ba\u00f1o de reposter\u00eda fantas\u00eda blanco y cubierta de crocante de man\u00ed. Contiene 6 unidades, 95 gr c\/u.<\/p>\n","protected":false},"excerpt":{"rendered":"<p>Bomb\u00f3n escoc\u00e9s de helado de chocolate, dulce de leche, ba\u00f1o de reposter\u00eda fantas\u00eda blanco y cubierta de crocante de man\u00ed. Contiene 6 unidades, 95 gr c\/u.<\/p>\n","protected":false},"featured_media":920,"comment_status":"open","ping_status":"closed","template":"","meta":[],"store":[],"product_brand":[],"product_cat":[19],"product_tag":[],"class_list":{"0":"post-919","1":"product","2":"type-product","3":"status-publish","4":"has-post-thumbnail","6":"product_cat-postres-helados","8":"first","9":"instock","10":"shipping-taxable","11":"product-type-simple"},"exclude_global_add_ons":[],"addons":[],"_links":{"self":[{"href":"https:\/\/yampi.com.ar\/santotomerichieri\/wp-json\/wp\/v2\/product\/919","targetHints":{"allow":["GET"]}}],"collection":[{"href":"https:\/\/yampi.com.ar\/santotomerichieri\/wp-json\/wp\/v2\/product"}],"about":[{"href":"https:\/\/yampi.com.ar\/santotomerichieri\/wp-json\/wp\/v2\/types\/product"}],"replies":[{"embeddable":true,"href":"https:\/\/yampi.com.ar\/santotomerichieri\/wp-json\/wp\/v2\/comments?post=919"}],"wp:featuredmedia":[{"embeddable":true,"href":"https:\/\/yampi.com.ar\/santotomerichieri\/wp-json\/wp\/v2\/media\/920"}],"wp:attachment":[{"href":"https:\/\/yampi.com.ar\/santotomerichieri\/wp-json\/wp\/v2\/media?parent=919"}],"wp:term":[{"taxonomy":"store","embeddable":true,"href":"https:\/\/yampi.com.ar\/santotomerichieri\/wp-json\/wp\/v2\/store?post=919"},{"taxonomy":"product_brand","embeddable":true,"href":"https:\/\/yampi.com.ar\/santotomerichieri\/wp-json\/wp\/v2\/product_brand?post=919"},{"taxonomy":"product_cat","embeddable":true,"href":"https:\/\/yampi.com.ar\/santotomerichieri\/wp-json\/wp\/v2\/product_cat?post=919"},{"taxonomy":"product_tag","embeddable":true,"href":"https:\/\/yampi.com.ar\/santotomerichieri\/wp-json\/wp\/v2\/product_tag?post=919"}],"curies":[{"name":"wp","href":"https:\/\/api.w.org\/{rel}","templated":true}]}}