{"id":72,"date":"2025-10-07T09:54:26","date_gmt":"2025-10-07T12:54:26","guid":{"rendered":"https:\/\/yampi.com.ar\/santotome3866\/producto\/producto\/"},"modified":"2026-03-12T19:41:43","modified_gmt":"2026-03-12T22:41:43","slug":"1-kg-de-helado-4-barritas-heladas","status":"publish","type":"product","link":"https:\/\/yampi.com.ar\/santotomerichieri\/producto\/1-kg-de-helado-4-barritas-heladas\/","title":{"rendered":"1 kg de helado + 4 barritas heladas"},"content":{"rendered":"<p>Kilo hasta 4 gustos + 4 barritas heladas<\/p>\n","protected":false},"excerpt":{"rendered":"<p>Kilo hasta 4 gustos + 4 barritas heladas<\/p>\n","protected":false},"featured_media":1069,"comment_status":"open","ping_status":"closed","template":"","meta":[],"store":[],"product_brand":[],"product_cat":[18],"product_tag":[],"class_list":{"0":"post-72","1":"product","2":"type-product","3":"status-publish","4":"has-post-thumbnail","6":"product_cat-promociones","8":"first","9":"instock","10":"sale","11":"shipping-taxable","12":"product-type-simple"},"exclude_global_add_ons":false,"addons":[{"name":"Barritas:","type":"checkbox","position":0,"required":false,"title_format":"label","default":"","description_enable":false,"description":"","placeholder_enable":false,"placeholder":"","display":"select","restrictions_type":"any_text","adjust_price":false,"price":"","price_type":"flat_fee","restrictions":false,"min":"0","max":"0","options":[{"label":"Blanca","price":"","price_type":"flat_fee","image":0,"visibility":true},{"label":"Negra","price":"","price_type":"flat_fee","image":0,"visibility":true}],"id":1768636263},{"name":"cantidad de barrita blanca:","type":"input_multiplier","position":1,"required":false,"title_format":"label","default":"","description_enable":false,"description":"","placeholder_enable":false,"placeholder":"","display":"select","restrictions_type":"any_text","adjust_price":false,"price":"","price_type":"flat_fee","restrictions":true,"min":"0","max":"4","options":[],"id":1768636264},{"name":"Cantidad de barrita negra:","type":"input_multiplier","position":2,"required":false,"title_format":"label","default":"","description_enable":false,"description":"","placeholder_enable":false,"placeholder":"","display":"select","restrictions_type":"any_text","adjust_price":false,"price":"","price_type":"flat_fee","restrictions":true,"min":"0","max":"4","options":[],"id":1768636265},{"name":"Sabores","type":"checkbox","position":0,"required":true,"title_format":"label","default":"","description_enable":false,"description":"","placeholder_enable":false,"placeholder":"","display":"select","restrictions_type":"any_text","adjust_price":false,"price":"","price_type":"flat_fee","restrictions":false,"min":"0","max":"0","options":[{"label":"Americana","price":"","price_type":"flat_fee","image":0,"visibility":true},{"label":"Anan\u00e1","price":"","price_type":"flat_fee","image":0,"visibility":true},{"label":"Banana Carioca","price":"","price_type":"flat_fee","image":0,"visibility":true},{"label":"Cereza","price":"","price_type":"flat_fee","image":0,"visibility":true},{"label":"Chantilly con frutillas","price":"","price_type":"flat_fee","image":0,"visibility":true},{"label":"Chocolate","price":"","price_type":"flat_fee","image":0,"visibility":true},{"label":"Chocolate blanco","price":"","price_type":"flat_fee","image":0,"visibility":true},{"label":"Chocolate blanco con Pistacho","price":"","price_type":"flat_fee","image":0,"visibility":true},{"label":"Chocolate Bomb\u00f3n","price":"","price_type":"flat_fee","image":0,"visibility":true},{"label":"Chocolate con nuez","price":"","price_type":"flat_fee","image":0,"visibility":true},{"label":"Chocolate explosivo","price":"","price_type":"flat_fee","image":0,"visibility":true},{"label":"Chocolate Shot","price":"","price_type":"flat_fee","image":0,"visibility":true},{"label":"Cielo oreo","price":"","price_type":"flat_fee","image":0,"visibility":true},{"label":"Crema del cielo","price":"","price_type":"flat_fee","image":0,"visibility":true},{"label":"Crema rusa","price":"","price_type":"flat_fee","image":0,"visibility":true},{"label":"Crema yampi","price":"","price_type":"flat_fee","image":0,"visibility":true},{"label":"Dulce de leche","price":"","price_type":"flat_fee","image":0,"visibility":true},{"label":"Dulce de leche alfajor","price":"","price_type":"flat_fee","image":0,"visibility":true},{"label":"Dulce de leche Bomb\u00f3n","price":"","price_type":"flat_fee","image":0,"visibility":true},{"label":"Dulce de leche con nuez","price":"","price_type":"flat_fee","image":0,"visibility":false},{"label":"Dulce de leche granizado","price":"","price_type":"flat_fee","image":0,"visibility":true},{"label":"Dulce de leche explosivo","price":"","price_type":"flat_fee","image":0,"visibility":true},{"label":"Durazno","price":"","price_type":"flat_fee","image":0,"visibility":true},{"label":"Flan","price":"","price_type":"flat_fee","image":0,"visibility":true},{"label":"Frutilla a la crema","price":"","price_type":"flat_fee","image":0,"visibility":true},{"label":"Frutilla al agua","price":"","price_type":"flat_fee","image":0,"visibility":true},{"label":"Granizado","price":"","price_type":"flat_fee","image":0,"visibility":true},{"label":"Kinder","price":"","price_type":"flat_fee","image":0,"visibility":false},{"label":"Lemon pie","price":"","price_type":"flat_fee","image":0,"visibility":true},{"label":"Lim\u00f3n","price":"","price_type":"flat_fee","image":0,"visibility":true},{"label":"Lim\u00f3n primavera","price":"","price_type":"flat_fee","image":0,"visibility":true},{"label":"Lim\u00f3n tres sensaciones","price":"","price_type":"flat_fee","image":0,"visibility":true},{"label":"Mantecol","price":"","price_type":"flat_fee","image":0,"visibility":true},{"label":"Manzana verde","price":"","price_type":"flat_fee","image":0,"visibility":true},{"label":"Maracuy\u00e1","price":"","price_type":"flat_fee","image":0,"visibility":true},{"label":"Mascarpone","price":"","price_type":"flat_fee","image":0,"visibility":true},{"label":"Menta granizada","price":"","price_type":"flat_fee","image":0,"visibility":true},{"label":"Mousse de lim\u00f3n","price":"","price_type":"flat_fee","image":0,"visibility":true},{"label":"Quinotos al whisky","price":"","price_type":"flat_fee","image":0,"visibility":true},{"label":"Rocklets","price":"","price_type":"flat_fee","image":0,"visibility":true},{"label":"Sambay\u00f3n","price":"","price_type":"flat_fee","image":0,"visibility":true},{"label":"Snickers","price":"","price_type":"flat_fee","image":0,"visibility":true},{"label":"Tramontana","price":"","price_type":"flat_fee","image":0,"visibility":true},{"label":"Vainilla","price":"","price_type":"flat_fee","image":0,"visibility":true}],"id":1764069520},{"name":"Cucuruchos dulces","type":"input_multiplier","position":1,"required":false,"title_format":"label","default":"0","description_enable":false,"description":"","placeholder_enable":false,"placeholder":"","display":"select","restrictions_type":"any_text","adjust_price":true,"price":"500","price_type":"quantity_based","restrictions":false,"min":"0","max":"0","options":[],"id":1764069521},{"name":"Vasitos","type":"input_multiplier","position":2,"required":false,"title_format":"label","default":"0","description_enable":false,"description":"","placeholder_enable":false,"placeholder":"","display":"select","restrictions_type":"any_text","adjust_price":true,"price":"200","price_type":"quantity_based","restrictions":false,"min":"0","max":"0","options":[],"id":1764069522}],"_links":{"self":[{"href":"https:\/\/yampi.com.ar\/santotomerichieri\/wp-json\/wp\/v2\/product\/72","targetHints":{"allow":["GET"]}}],"collection":[{"href":"https:\/\/yampi.com.ar\/santotomerichieri\/wp-json\/wp\/v2\/product"}],"about":[{"href":"https:\/\/yampi.com.ar\/santotomerichieri\/wp-json\/wp\/v2\/types\/product"}],"replies":[{"embeddable":true,"href":"https:\/\/yampi.com.ar\/santotomerichieri\/wp-json\/wp\/v2\/comments?post=72"}],"wp:featuredmedia":[{"embeddable":true,"href":"https:\/\/yampi.com.ar\/santotomerichieri\/wp-json\/wp\/v2\/media\/1069"}],"wp:attachment":[{"href":"https:\/\/yampi.com.ar\/santotomerichieri\/wp-json\/wp\/v2\/media?parent=72"}],"wp:term":[{"taxonomy":"store","embeddable":true,"href":"https:\/\/yampi.com.ar\/santotomerichieri\/wp-json\/wp\/v2\/store?post=72"},{"taxonomy":"product_brand","embeddable":true,"href":"https:\/\/yampi.com.ar\/santotomerichieri\/wp-json\/wp\/v2\/product_brand?post=72"},{"taxonomy":"product_cat","embeddable":true,"href":"https:\/\/yampi.com.ar\/santotomerichieri\/wp-json\/wp\/v2\/product_cat?post=72"},{"taxonomy":"product_tag","embeddable":true,"href":"https:\/\/yampi.com.ar\/santotomerichieri\/wp-json\/wp\/v2\/product_tag?post=72"}],"curies":[{"name":"wp","href":"https:\/\/api.w.org\/{rel}","templated":true}]}}