{"id":1034,"date":"2025-12-11T10:24:13","date_gmt":"2025-12-11T13:24:13","guid":{"rendered":"https:\/\/yampi.com.ar\/santotomerichieri\/producto\/producto\/"},"modified":"2026-02-18T17:07:33","modified_gmt":"2026-02-18T20:07:33","slug":"helado-sin-tacc-flan","status":"publish","type":"product","link":"https:\/\/yampi.com.ar\/santotomerichieri\/producto\/helado-sin-tacc-flan\/","title":{"rendered":"Helado Sin TACC Flan"},"content":{"rendered":"<p>Helado SIN TACC \/ bajo en sodio \/ sin az\u00facar.<\/p>\n<p>Helado sabor flan, diet\u00e9tico de bajo valor gluc\u00eddico Libre de gluten 200 gr. 36 kcal<\/p>\n","protected":false},"excerpt":{"rendered":"<p>Helado SIN TACC \/ bajo en sodio \/ sin az\u00facar. Helado sabor flan, diet\u00e9tico de bajo valor gluc\u00eddico Libre de gluten 200 gr. 36 kcal<\/p>\n","protected":false},"featured_media":1050,"comment_status":"open","ping_status":"closed","template":"","meta":[],"store":[],"product_brand":[],"product_cat":[24],"product_tag":[],"class_list":{"0":"post-1034","1":"product","2":"type-product","3":"status-publish","4":"has-post-thumbnail","6":"product_cat-sin-tacc","8":"first","9":"instock","10":"shipping-taxable","11":"product-type-simple"},"exclude_global_add_ons":[],"addons":[],"_links":{"self":[{"href":"https:\/\/yampi.com.ar\/santotomerichieri\/wp-json\/wp\/v2\/product\/1034","targetHints":{"allow":["GET"]}}],"collection":[{"href":"https:\/\/yampi.com.ar\/santotomerichieri\/wp-json\/wp\/v2\/product"}],"about":[{"href":"https:\/\/yampi.com.ar\/santotomerichieri\/wp-json\/wp\/v2\/types\/product"}],"replies":[{"embeddable":true,"href":"https:\/\/yampi.com.ar\/santotomerichieri\/wp-json\/wp\/v2\/comments?post=1034"}],"wp:featuredmedia":[{"embeddable":true,"href":"https:\/\/yampi.com.ar\/santotomerichieri\/wp-json\/wp\/v2\/media\/1050"}],"wp:attachment":[{"href":"https:\/\/yampi.com.ar\/santotomerichieri\/wp-json\/wp\/v2\/media?parent=1034"}],"wp:term":[{"taxonomy":"store","embeddable":true,"href":"https:\/\/yampi.com.ar\/santotomerichieri\/wp-json\/wp\/v2\/store?post=1034"},{"taxonomy":"product_brand","embeddable":true,"href":"https:\/\/yampi.com.ar\/santotomerichieri\/wp-json\/wp\/v2\/product_brand?post=1034"},{"taxonomy":"product_cat","embeddable":true,"href":"https:\/\/yampi.com.ar\/santotomerichieri\/wp-json\/wp\/v2\/product_cat?post=1034"},{"taxonomy":"product_tag","embeddable":true,"href":"https:\/\/yampi.com.ar\/santotomerichieri\/wp-json\/wp\/v2\/product_tag?post=1034"}],"curies":[{"name":"wp","href":"https:\/\/api.w.org\/{rel}","templated":true}]}}