{"id":1030,"date":"2025-12-11T10:24:11","date_gmt":"2025-12-11T13:24:11","guid":{"rendered":"https:\/\/yampi.com.ar\/santotomerichieri\/producto\/producto\/"},"modified":"2026-03-12T17:09:00","modified_gmt":"2026-03-12T20:09:00","slug":"helado-sin-tacc-dulce-de-leche","status":"publish","type":"product","link":"https:\/\/yampi.com.ar\/santotomerichieri\/producto\/helado-sin-tacc-dulce-de-leche\/","title":{"rendered":"Helado Sin TACC Dulce de Leche"},"content":{"rendered":"<p>Helado SIN TACC \/ bajo en sodio \/ sin az\u00facar.<\/p>\n<p>Helado de dulce de leche diet\u00e9tico de bajo valor gluc\u00eddico libre de gluten. 200 g. 41 kcal.<\/p>\n","protected":false},"excerpt":{"rendered":"<p>Helado SIN TACC \/ bajo en sodio \/ sin az\u00facar. Helado de dulce de leche diet\u00e9tico de bajo valor gluc\u00eddico libre de gluten. 200 g. 41 kcal.<\/p>\n","protected":false},"featured_media":1036,"comment_status":"open","ping_status":"closed","template":"","meta":[],"store":[],"product_brand":[],"product_cat":[24],"product_tag":[],"class_list":{"0":"post-1030","1":"product","2":"type-product","3":"status-publish","4":"has-post-thumbnail","6":"product_cat-sin-tacc","8":"first","9":"instock","10":"shipping-taxable","11":"product-type-simple"},"exclude_global_add_ons":[],"addons":[],"_links":{"self":[{"href":"https:\/\/yampi.com.ar\/santotomerichieri\/wp-json\/wp\/v2\/product\/1030","targetHints":{"allow":["GET"]}}],"collection":[{"href":"https:\/\/yampi.com.ar\/santotomerichieri\/wp-json\/wp\/v2\/product"}],"about":[{"href":"https:\/\/yampi.com.ar\/santotomerichieri\/wp-json\/wp\/v2\/types\/product"}],"replies":[{"embeddable":true,"href":"https:\/\/yampi.com.ar\/santotomerichieri\/wp-json\/wp\/v2\/comments?post=1030"}],"wp:featuredmedia":[{"embeddable":true,"href":"https:\/\/yampi.com.ar\/santotomerichieri\/wp-json\/wp\/v2\/media\/1036"}],"wp:attachment":[{"href":"https:\/\/yampi.com.ar\/santotomerichieri\/wp-json\/wp\/v2\/media?parent=1030"}],"wp:term":[{"taxonomy":"store","embeddable":true,"href":"https:\/\/yampi.com.ar\/santotomerichieri\/wp-json\/wp\/v2\/store?post=1030"},{"taxonomy":"product_brand","embeddable":true,"href":"https:\/\/yampi.com.ar\/santotomerichieri\/wp-json\/wp\/v2\/product_brand?post=1030"},{"taxonomy":"product_cat","embeddable":true,"href":"https:\/\/yampi.com.ar\/santotomerichieri\/wp-json\/wp\/v2\/product_cat?post=1030"},{"taxonomy":"product_tag","embeddable":true,"href":"https:\/\/yampi.com.ar\/santotomerichieri\/wp-json\/wp\/v2\/product_tag?post=1030"}],"curies":[{"name":"wp","href":"https:\/\/api.w.org\/{rel}","templated":true}]}}